{"id":118,"date":"2020-06-12T11:05:16","date_gmt":"2020-06-12T09:05:16","guid":{"rendered":"http:\/\/geographic-cafe.com\/?page_id=118"},"modified":"2022-08-28T21:45:01","modified_gmt":"2022-08-28T19:45:01","slug":"bieres-au-fut","status":"publish","type":"page","link":"https:\/\/geographic-cafe.com\/index.php\/menu\/bieres-au-fut\/","title":{"rendered":"Bi\u00e8res au \u00ab\u00a0f\u00fbt\u00a0\u00bb"},"content":{"rendered":"\n<figure class=\"wp-block-table\"><table><tbody><tr><td><\/td><td>\u20ac<\/td><\/tr><tr><td>Jupiler 25 cl<\/td><td>2,40<\/td><\/tr><tr><td>Jupiler 33 cl<\/td><td>3,20<\/td><\/tr><tr><td>Jupiler 50 cl<\/td><td>4,50<\/td><\/tr><tr><td>Hoegaarden \/ H.Ros\u00e9e 25 cl<\/td><td>2,50<\/td><\/tr><tr><td>Tripel Karmeliet 20cL<\/td><td>3,00<\/td><\/tr><tr><td>P\u00eacheresse 25 cL<\/td><td>3,00<\/td><\/tr><tr><td>Leffe Ruby 25 cL<\/td><td>3,00<\/td><\/tr><\/tbody><\/table><\/figure>\n\n\n\n<p class=\"has-text-align-center\"><a href=\"http:\/\/geographic-cafe.com\/index.php\/menu\/\">Retour<\/a><\/p>\n","protected":false},"excerpt":{"rendered":"<p>\u20ac Jupiler 25 cl 2,40 Jupiler 33 cl 3,20 Jupiler 50 cl 4,50 Hoegaarden \/ H.Ros\u00e9e 25 cl 2,50 Tripel Karmeliet 20cL 3,00 P\u00eacheresse 25 cL 3,00 Leffe Ruby 25 cL 3,00 Retour<\/p>\n","protected":false},"author":1,"featured_media":0,"parent":94,"menu_order":0,"comment_status":"closed","ping_status":"closed","template":"","meta":{"footnotes":""},"class_list":["post-118","page","type-page","status-publish","hentry"],"yoast_head":"<!-- This site is optimized with the Yoast SEO plugin v21.5 - https:\/\/yoast.com\/wordpress\/plugins\/seo\/ -->\n<title>Bi\u00e8res au &quot;f\u00fbt&quot; - Geographic Caf\u00e9<\/title>\n<meta name=\"robots\" content=\"index, follow, max-snippet:-1, max-image-preview:large, max-video-preview:-1\" \/>\n<link rel=\"canonical\" href=\"https:\/\/geographic-cafe.com\/index.php\/menu\/bieres-au-fut\/\" \/>\n<meta property=\"og:locale\" content=\"fr_FR\" \/>\n<meta property=\"og:type\" content=\"article\" \/>\n<meta property=\"og:title\" content=\"Bi\u00e8res au &quot;f\u00fbt&quot; - Geographic Caf\u00e9\" \/>\n<meta property=\"og:description\" content=\"\u20ac Jupiler 25 cl 2,40 Jupiler 33 cl 3,20 Jupiler 50 cl 4,50 Hoegaarden \/ H.Ros\u00e9e 25 cl 2,50 Tripel Karmeliet 20cL 3,00 P\u00eacheresse 25 cL 3,00 Leffe Ruby 25 cL 3,00 Retour\" \/>\n<meta property=\"og:url\" content=\"https:\/\/geographic-cafe.com\/index.php\/menu\/bieres-au-fut\/\" \/>\n<meta property=\"og:site_name\" content=\"Geographic Caf\u00e9\" \/>\n<meta property=\"article:publisher\" content=\"https:\/\/www.facebook.com\/GeographicCafe\" \/>\n<meta property=\"article:modified_time\" content=\"2022-08-28T19:45:01+00:00\" \/>\n<meta property=\"og:image\" content=\"https:\/\/geographic-cafe.com\/wp-content\/uploads\/2019\/07\/GEO_icon-1.png\" \/>\n\t<meta property=\"og:image:width\" content=\"512\" \/>\n\t<meta property=\"og:image:height\" content=\"512\" \/>\n\t<meta property=\"og:image:type\" content=\"image\/png\" \/>\n<meta name=\"twitter:card\" content=\"summary_large_image\" \/>\n<script type=\"application\/ld+json\" class=\"yoast-schema-graph\">{\"@context\":\"https:\/\/schema.org\",\"@graph\":[{\"@type\":\"WebPage\",\"@id\":\"https:\/\/geographic-cafe.com\/index.php\/menu\/bieres-au-fut\/\",\"url\":\"https:\/\/geographic-cafe.com\/index.php\/menu\/bieres-au-fut\/\",\"name\":\"Bi\u00e8res au \\\"f\u00fbt\\\" - Geographic Caf\u00e9\",\"isPartOf\":{\"@id\":\"https:\/\/geographic-cafe.com\/#website\"},\"datePublished\":\"2020-06-12T09:05:16+00:00\",\"dateModified\":\"2022-08-28T19:45:01+00:00\",\"breadcrumb\":{\"@id\":\"https:\/\/geographic-cafe.com\/index.php\/menu\/bieres-au-fut\/#breadcrumb\"},\"inLanguage\":\"fr-FR\",\"potentialAction\":[{\"@type\":\"ReadAction\",\"target\":[\"https:\/\/geographic-cafe.com\/index.php\/menu\/bieres-au-fut\/\"]}]},{\"@type\":\"BreadcrumbList\",\"@id\":\"https:\/\/geographic-cafe.com\/index.php\/menu\/bieres-au-fut\/#breadcrumb\",\"itemListElement\":[{\"@type\":\"ListItem\",\"position\":1,\"name\":\"Accueil\",\"item\":\"https:\/\/geographic-cafe.com\/\"},{\"@type\":\"ListItem\",\"position\":2,\"name\":\"MENU\",\"item\":\"https:\/\/geographic-cafe.com\/index.php\/menu\/\"},{\"@type\":\"ListItem\",\"position\":3,\"name\":\"Bi\u00e8res au &#8220;f\u00fbt&#8221;\"}]},{\"@type\":\"WebSite\",\"@id\":\"https:\/\/geographic-cafe.com\/#website\",\"url\":\"https:\/\/geographic-cafe.com\/\",\"name\":\"Geographic Caf\u00e9\",\"description\":\"#NOGEONOFUN\",\"publisher\":{\"@id\":\"https:\/\/geographic-cafe.com\/#organization\"},\"potentialAction\":[{\"@type\":\"SearchAction\",\"target\":{\"@type\":\"EntryPoint\",\"urlTemplate\":\"https:\/\/geographic-cafe.com\/?s={search_term_string}\"},\"query-input\":\"required name=search_term_string\"}],\"inLanguage\":\"fr-FR\"},{\"@type\":\"Organization\",\"@id\":\"https:\/\/geographic-cafe.com\/#organization\",\"name\":\"GEOGRAPHIC CAFE\",\"url\":\"https:\/\/geographic-cafe.com\/\",\"logo\":{\"@type\":\"ImageObject\",\"inLanguage\":\"fr-FR\",\"@id\":\"https:\/\/geographic-cafe.com\/#\/schema\/logo\/image\/\",\"url\":\"https:\/\/geographic-cafe.com\/wp-content\/uploads\/2019\/07\/GEO_icon-1.png\",\"contentUrl\":\"https:\/\/geographic-cafe.com\/wp-content\/uploads\/2019\/07\/GEO_icon-1.png\",\"width\":512,\"height\":512,\"caption\":\"GEOGRAPHIC CAFE\"},\"image\":{\"@id\":\"https:\/\/geographic-cafe.com\/#\/schema\/logo\/image\/\"},\"sameAs\":[\"https:\/\/www.facebook.com\/GeographicCafe\"]}]}<\/script>\n<!-- \/ Yoast SEO plugin. -->","yoast_head_json":{"title":"Bi\u00e8res au \"f\u00fbt\" - Geographic Caf\u00e9","robots":{"index":"index","follow":"follow","max-snippet":"max-snippet:-1","max-image-preview":"max-image-preview:large","max-video-preview":"max-video-preview:-1"},"canonical":"https:\/\/geographic-cafe.com\/index.php\/menu\/bieres-au-fut\/","og_locale":"fr_FR","og_type":"article","og_title":"Bi\u00e8res au \"f\u00fbt\" - Geographic Caf\u00e9","og_description":"\u20ac Jupiler 25 cl 2,40 Jupiler 33 cl 3,20 Jupiler 50 cl 4,50 Hoegaarden \/ H.Ros\u00e9e 25 cl 2,50 Tripel Karmeliet 20cL 3,00 P\u00eacheresse 25 cL 3,00 Leffe Ruby 25 cL 3,00 Retour","og_url":"https:\/\/geographic-cafe.com\/index.php\/menu\/bieres-au-fut\/","og_site_name":"Geographic Caf\u00e9","article_publisher":"https:\/\/www.facebook.com\/GeographicCafe","article_modified_time":"2022-08-28T19:45:01+00:00","og_image":[{"width":512,"height":512,"url":"https:\/\/geographic-cafe.com\/wp-content\/uploads\/2019\/07\/GEO_icon-1.png","type":"image\/png"}],"twitter_card":"summary_large_image","schema":{"@context":"https:\/\/schema.org","@graph":[{"@type":"WebPage","@id":"https:\/\/geographic-cafe.com\/index.php\/menu\/bieres-au-fut\/","url":"https:\/\/geographic-cafe.com\/index.php\/menu\/bieres-au-fut\/","name":"Bi\u00e8res au \"f\u00fbt\" - Geographic Caf\u00e9","isPartOf":{"@id":"https:\/\/geographic-cafe.com\/#website"},"datePublished":"2020-06-12T09:05:16+00:00","dateModified":"2022-08-28T19:45:01+00:00","breadcrumb":{"@id":"https:\/\/geographic-cafe.com\/index.php\/menu\/bieres-au-fut\/#breadcrumb"},"inLanguage":"fr-FR","potentialAction":[{"@type":"ReadAction","target":["https:\/\/geographic-cafe.com\/index.php\/menu\/bieres-au-fut\/"]}]},{"@type":"BreadcrumbList","@id":"https:\/\/geographic-cafe.com\/index.php\/menu\/bieres-au-fut\/#breadcrumb","itemListElement":[{"@type":"ListItem","position":1,"name":"Accueil","item":"https:\/\/geographic-cafe.com\/"},{"@type":"ListItem","position":2,"name":"MENU","item":"https:\/\/geographic-cafe.com\/index.php\/menu\/"},{"@type":"ListItem","position":3,"name":"Bi\u00e8res au &#8220;f\u00fbt&#8221;"}]},{"@type":"WebSite","@id":"https:\/\/geographic-cafe.com\/#website","url":"https:\/\/geographic-cafe.com\/","name":"Geographic Caf\u00e9","description":"#NOGEONOFUN","publisher":{"@id":"https:\/\/geographic-cafe.com\/#organization"},"potentialAction":[{"@type":"SearchAction","target":{"@type":"EntryPoint","urlTemplate":"https:\/\/geographic-cafe.com\/?s={search_term_string}"},"query-input":"required name=search_term_string"}],"inLanguage":"fr-FR"},{"@type":"Organization","@id":"https:\/\/geographic-cafe.com\/#organization","name":"GEOGRAPHIC CAFE","url":"https:\/\/geographic-cafe.com\/","logo":{"@type":"ImageObject","inLanguage":"fr-FR","@id":"https:\/\/geographic-cafe.com\/#\/schema\/logo\/image\/","url":"https:\/\/geographic-cafe.com\/wp-content\/uploads\/2019\/07\/GEO_icon-1.png","contentUrl":"https:\/\/geographic-cafe.com\/wp-content\/uploads\/2019\/07\/GEO_icon-1.png","width":512,"height":512,"caption":"GEOGRAPHIC CAFE"},"image":{"@id":"https:\/\/geographic-cafe.com\/#\/schema\/logo\/image\/"},"sameAs":["https:\/\/www.facebook.com\/GeographicCafe"]}]}},"jetpack_sharing_enabled":true,"_links":{"self":[{"href":"https:\/\/geographic-cafe.com\/index.php\/wp-json\/wp\/v2\/pages\/118","targetHints":{"allow":["GET"]}}],"collection":[{"href":"https:\/\/geographic-cafe.com\/index.php\/wp-json\/wp\/v2\/pages"}],"about":[{"href":"https:\/\/geographic-cafe.com\/index.php\/wp-json\/wp\/v2\/types\/page"}],"author":[{"embeddable":true,"href":"https:\/\/geographic-cafe.com\/index.php\/wp-json\/wp\/v2\/users\/1"}],"replies":[{"embeddable":true,"href":"https:\/\/geographic-cafe.com\/index.php\/wp-json\/wp\/v2\/comments?post=118"}],"version-history":[{"count":7,"href":"https:\/\/geographic-cafe.com\/index.php\/wp-json\/wp\/v2\/pages\/118\/revisions"}],"predecessor-version":[{"id":254,"href":"https:\/\/geographic-cafe.com\/index.php\/wp-json\/wp\/v2\/pages\/118\/revisions\/254"}],"up":[{"embeddable":true,"href":"https:\/\/geographic-cafe.com\/index.php\/wp-json\/wp\/v2\/pages\/94"}],"wp:attachment":[{"href":"https:\/\/geographic-cafe.com\/index.php\/wp-json\/wp\/v2\/media?parent=118"}],"curies":[{"name":"wp","href":"https:\/\/api.w.org\/{rel}","templated":true}]}}