{"id":145,"date":"2020-06-12T17:31:58","date_gmt":"2020-06-12T15:31:58","guid":{"rendered":"https:\/\/geographic-cafe.com\/?page_id=145"},"modified":"2022-08-28T21:42:22","modified_gmt":"2022-08-28T19:42:22","slug":"notre-selection","status":"publish","type":"page","link":"https:\/\/geographic-cafe.com\/index.php\/menu\/notre-selection\/","title":{"rendered":"Notre S\u00e9lection"},"content":{"rendered":"\n<figure class=\"wp-block-table\"><table><tbody><tr><td><\/td><td>\u20ac<\/td><\/tr><tr><td>Barbe \u00e0 Gaby (6 pour 8,00\u20ac)<\/td><td>1,50<\/td><\/tr><tr><td>Cocktails GEO<\/td><td>3,00<\/td><\/tr><tr><td>TEQ-PAF (2 = 4,00 )<\/td><td>2,50<\/td><\/tr><tr><td>J\u00e4gerBomb (5 = 13,00)<\/td><td>3,00<\/td><\/tr><tr><td><\/td><td><\/td><\/tr><tr><td>M\u00e8tre Jupiler (10+1)<\/td><td>24,00<\/td><\/tr><tr><td>M\u00e8tre Jupiler (12+2)<\/td><td>28,00<\/td><\/tr><tr><td>M\u00e8tre Get 27\/Blanc (12+2)<\/td><td>28,00<\/td><\/tr><tr><td>M\u00e8tre Ricard (12+2)<\/td><td>18,00<\/td><\/tr><tr><td><\/td><td><\/td><\/tr><tr><td>Cruche de Jupiler<\/td><td>9,00<\/td><\/tr><tr><td>Cruche Ricard<\/td><td>6,00<\/td><\/tr><tr><td>Cruche Cocktail GEO<\/td><td>12,00<\/td><\/tr><tr><td>Cruche Get 27<\/td><td>10,00<\/td><\/tr><tr><td>Cruche Blanc<\/td><td>10,00<\/td><\/tr><\/tbody><\/table><figcaption><br \/><em>Lors de la commande d\u2019une cruche, une caution de 2\u20ac vous sera demand\u00e9e.<\/em><br \/><em>Cette caution vous sera rendue lors du retour de la cruche.<\/em><\/figcaption><\/figure>\n\n\n\n<p class=\"has-text-align-center\"><a href=\"https:\/\/geographic-cafe.com\/index.php\/menu\/\">Retour<\/a><\/p>\n","protected":false},"excerpt":{"rendered":"<p>\u20ac Barbe \u00e0 Gaby (6 pour 8,00\u20ac) 1,50 Cocktails GEO 3,00 TEQ-PAF (2 = 4,00 ) 2,50 J\u00e4gerBomb (5 = 13,00) 3,00 M\u00e8tre Jupiler (10+1) 24,00 M\u00e8tre Jupiler (12+2) 28,00 M\u00e8tre Get 27\/Blanc (12+2) 28,00 M\u00e8tre Ricard (12+2) 18,00 Cruche de Jupiler 9,00 Cruche Ricard 6,00 Cruche Cocktail GEO 12,00 Cruche Get 27 10,00 Cruche&#8230;<\/p>\n","protected":false},"author":1,"featured_media":0,"parent":94,"menu_order":0,"comment_status":"closed","ping_status":"closed","template":"","meta":{"footnotes":""},"class_list":["post-145","page","type-page","status-publish","hentry"],"yoast_head":"<!-- This site is optimized with the Yoast SEO plugin v21.5 - https:\/\/yoast.com\/wordpress\/plugins\/seo\/ -->\n<title>Notre S\u00e9lection - Geographic Caf\u00e9<\/title>\n<meta name=\"robots\" content=\"index, follow, max-snippet:-1, max-image-preview:large, max-video-preview:-1\" \/>\n<link rel=\"canonical\" href=\"https:\/\/geographic-cafe.com\/index.php\/menu\/notre-selection\/\" \/>\n<meta property=\"og:locale\" content=\"fr_FR\" \/>\n<meta property=\"og:type\" content=\"article\" \/>\n<meta property=\"og:title\" content=\"Notre S\u00e9lection - Geographic Caf\u00e9\" \/>\n<meta property=\"og:description\" content=\"\u20ac Barbe \u00e0 Gaby (6 pour 8,00\u20ac) 1,50 Cocktails GEO 3,00 TEQ-PAF (2 = 4,00 ) 2,50 J\u00e4gerBomb (5 = 13,00) 3,00 M\u00e8tre Jupiler (10+1) 24,00 M\u00e8tre Jupiler (12+2) 28,00 M\u00e8tre Get 27\/Blanc (12+2) 28,00 M\u00e8tre Ricard (12+2) 18,00 Cruche de Jupiler 9,00 Cruche Ricard 6,00 Cruche Cocktail GEO 12,00 Cruche Get 27 10,00 Cruche...\" \/>\n<meta property=\"og:url\" content=\"https:\/\/geographic-cafe.com\/index.php\/menu\/notre-selection\/\" \/>\n<meta property=\"og:site_name\" content=\"Geographic Caf\u00e9\" \/>\n<meta property=\"article:publisher\" content=\"https:\/\/www.facebook.com\/GeographicCafe\" \/>\n<meta property=\"article:modified_time\" content=\"2022-08-28T19:42:22+00:00\" \/>\n<meta property=\"og:image\" content=\"https:\/\/geographic-cafe.com\/wp-content\/uploads\/2019\/07\/GEO_icon-1.png\" \/>\n\t<meta property=\"og:image:width\" content=\"512\" \/>\n\t<meta property=\"og:image:height\" content=\"512\" \/>\n\t<meta property=\"og:image:type\" content=\"image\/png\" \/>\n<meta name=\"twitter:card\" content=\"summary_large_image\" \/>\n<script type=\"application\/ld+json\" class=\"yoast-schema-graph\">{\"@context\":\"https:\/\/schema.org\",\"@graph\":[{\"@type\":\"WebPage\",\"@id\":\"https:\/\/geographic-cafe.com\/index.php\/menu\/notre-selection\/\",\"url\":\"https:\/\/geographic-cafe.com\/index.php\/menu\/notre-selection\/\",\"name\":\"Notre S\u00e9lection - Geographic Caf\u00e9\",\"isPartOf\":{\"@id\":\"https:\/\/geographic-cafe.com\/#website\"},\"datePublished\":\"2020-06-12T15:31:58+00:00\",\"dateModified\":\"2022-08-28T19:42:22+00:00\",\"breadcrumb\":{\"@id\":\"https:\/\/geographic-cafe.com\/index.php\/menu\/notre-selection\/#breadcrumb\"},\"inLanguage\":\"fr-FR\",\"potentialAction\":[{\"@type\":\"ReadAction\",\"target\":[\"https:\/\/geographic-cafe.com\/index.php\/menu\/notre-selection\/\"]}]},{\"@type\":\"BreadcrumbList\",\"@id\":\"https:\/\/geographic-cafe.com\/index.php\/menu\/notre-selection\/#breadcrumb\",\"itemListElement\":[{\"@type\":\"ListItem\",\"position\":1,\"name\":\"Accueil\",\"item\":\"https:\/\/geographic-cafe.com\/\"},{\"@type\":\"ListItem\",\"position\":2,\"name\":\"MENU\",\"item\":\"https:\/\/geographic-cafe.com\/index.php\/menu\/\"},{\"@type\":\"ListItem\",\"position\":3,\"name\":\"Notre S\u00e9lection\"}]},{\"@type\":\"WebSite\",\"@id\":\"https:\/\/geographic-cafe.com\/#website\",\"url\":\"https:\/\/geographic-cafe.com\/\",\"name\":\"Geographic Caf\u00e9\",\"description\":\"#NOGEONOFUN\",\"publisher\":{\"@id\":\"https:\/\/geographic-cafe.com\/#organization\"},\"potentialAction\":[{\"@type\":\"SearchAction\",\"target\":{\"@type\":\"EntryPoint\",\"urlTemplate\":\"https:\/\/geographic-cafe.com\/?s={search_term_string}\"},\"query-input\":\"required name=search_term_string\"}],\"inLanguage\":\"fr-FR\"},{\"@type\":\"Organization\",\"@id\":\"https:\/\/geographic-cafe.com\/#organization\",\"name\":\"GEOGRAPHIC CAFE\",\"url\":\"https:\/\/geographic-cafe.com\/\",\"logo\":{\"@type\":\"ImageObject\",\"inLanguage\":\"fr-FR\",\"@id\":\"https:\/\/geographic-cafe.com\/#\/schema\/logo\/image\/\",\"url\":\"https:\/\/geographic-cafe.com\/wp-content\/uploads\/2019\/07\/GEO_icon-1.png\",\"contentUrl\":\"https:\/\/geographic-cafe.com\/wp-content\/uploads\/2019\/07\/GEO_icon-1.png\",\"width\":512,\"height\":512,\"caption\":\"GEOGRAPHIC CAFE\"},\"image\":{\"@id\":\"https:\/\/geographic-cafe.com\/#\/schema\/logo\/image\/\"},\"sameAs\":[\"https:\/\/www.facebook.com\/GeographicCafe\"]}]}<\/script>\n<!-- \/ Yoast SEO plugin. -->","yoast_head_json":{"title":"Notre S\u00e9lection - Geographic Caf\u00e9","robots":{"index":"index","follow":"follow","max-snippet":"max-snippet:-1","max-image-preview":"max-image-preview:large","max-video-preview":"max-video-preview:-1"},"canonical":"https:\/\/geographic-cafe.com\/index.php\/menu\/notre-selection\/","og_locale":"fr_FR","og_type":"article","og_title":"Notre S\u00e9lection - Geographic Caf\u00e9","og_description":"\u20ac Barbe \u00e0 Gaby (6 pour 8,00\u20ac) 1,50 Cocktails GEO 3,00 TEQ-PAF (2 = 4,00 ) 2,50 J\u00e4gerBomb (5 = 13,00) 3,00 M\u00e8tre Jupiler (10+1) 24,00 M\u00e8tre Jupiler (12+2) 28,00 M\u00e8tre Get 27\/Blanc (12+2) 28,00 M\u00e8tre Ricard (12+2) 18,00 Cruche de Jupiler 9,00 Cruche Ricard 6,00 Cruche Cocktail GEO 12,00 Cruche Get 27 10,00 Cruche...","og_url":"https:\/\/geographic-cafe.com\/index.php\/menu\/notre-selection\/","og_site_name":"Geographic Caf\u00e9","article_publisher":"https:\/\/www.facebook.com\/GeographicCafe","article_modified_time":"2022-08-28T19:42:22+00:00","og_image":[{"width":512,"height":512,"url":"https:\/\/geographic-cafe.com\/wp-content\/uploads\/2019\/07\/GEO_icon-1.png","type":"image\/png"}],"twitter_card":"summary_large_image","schema":{"@context":"https:\/\/schema.org","@graph":[{"@type":"WebPage","@id":"https:\/\/geographic-cafe.com\/index.php\/menu\/notre-selection\/","url":"https:\/\/geographic-cafe.com\/index.php\/menu\/notre-selection\/","name":"Notre S\u00e9lection - Geographic Caf\u00e9","isPartOf":{"@id":"https:\/\/geographic-cafe.com\/#website"},"datePublished":"2020-06-12T15:31:58+00:00","dateModified":"2022-08-28T19:42:22+00:00","breadcrumb":{"@id":"https:\/\/geographic-cafe.com\/index.php\/menu\/notre-selection\/#breadcrumb"},"inLanguage":"fr-FR","potentialAction":[{"@type":"ReadAction","target":["https:\/\/geographic-cafe.com\/index.php\/menu\/notre-selection\/"]}]},{"@type":"BreadcrumbList","@id":"https:\/\/geographic-cafe.com\/index.php\/menu\/notre-selection\/#breadcrumb","itemListElement":[{"@type":"ListItem","position":1,"name":"Accueil","item":"https:\/\/geographic-cafe.com\/"},{"@type":"ListItem","position":2,"name":"MENU","item":"https:\/\/geographic-cafe.com\/index.php\/menu\/"},{"@type":"ListItem","position":3,"name":"Notre S\u00e9lection"}]},{"@type":"WebSite","@id":"https:\/\/geographic-cafe.com\/#website","url":"https:\/\/geographic-cafe.com\/","name":"Geographic Caf\u00e9","description":"#NOGEONOFUN","publisher":{"@id":"https:\/\/geographic-cafe.com\/#organization"},"potentialAction":[{"@type":"SearchAction","target":{"@type":"EntryPoint","urlTemplate":"https:\/\/geographic-cafe.com\/?s={search_term_string}"},"query-input":"required name=search_term_string"}],"inLanguage":"fr-FR"},{"@type":"Organization","@id":"https:\/\/geographic-cafe.com\/#organization","name":"GEOGRAPHIC CAFE","url":"https:\/\/geographic-cafe.com\/","logo":{"@type":"ImageObject","inLanguage":"fr-FR","@id":"https:\/\/geographic-cafe.com\/#\/schema\/logo\/image\/","url":"https:\/\/geographic-cafe.com\/wp-content\/uploads\/2019\/07\/GEO_icon-1.png","contentUrl":"https:\/\/geographic-cafe.com\/wp-content\/uploads\/2019\/07\/GEO_icon-1.png","width":512,"height":512,"caption":"GEOGRAPHIC CAFE"},"image":{"@id":"https:\/\/geographic-cafe.com\/#\/schema\/logo\/image\/"},"sameAs":["https:\/\/www.facebook.com\/GeographicCafe"]}]}},"jetpack_sharing_enabled":true,"_links":{"self":[{"href":"https:\/\/geographic-cafe.com\/index.php\/wp-json\/wp\/v2\/pages\/145","targetHints":{"allow":["GET"]}}],"collection":[{"href":"https:\/\/geographic-cafe.com\/index.php\/wp-json\/wp\/v2\/pages"}],"about":[{"href":"https:\/\/geographic-cafe.com\/index.php\/wp-json\/wp\/v2\/types\/page"}],"author":[{"embeddable":true,"href":"https:\/\/geographic-cafe.com\/index.php\/wp-json\/wp\/v2\/users\/1"}],"replies":[{"embeddable":true,"href":"https:\/\/geographic-cafe.com\/index.php\/wp-json\/wp\/v2\/comments?post=145"}],"version-history":[{"count":5,"href":"https:\/\/geographic-cafe.com\/index.php\/wp-json\/wp\/v2\/pages\/145\/revisions"}],"predecessor-version":[{"id":252,"href":"https:\/\/geographic-cafe.com\/index.php\/wp-json\/wp\/v2\/pages\/145\/revisions\/252"}],"up":[{"embeddable":true,"href":"https:\/\/geographic-cafe.com\/index.php\/wp-json\/wp\/v2\/pages\/94"}],"wp:attachment":[{"href":"https:\/\/geographic-cafe.com\/index.php\/wp-json\/wp\/v2\/media?parent=145"}],"curies":[{"name":"wp","href":"https:\/\/api.w.org\/{rel}","templated":true}]}}